{"id":182,"date":"2012-12-22T06:09:54","date_gmt":"2012-12-22T06:09:54","guid":{"rendered":"https:\/\/bridge405.qodeinteractive.com\/?page_id=182"},"modified":"2012-12-22T06:09:54","modified_gmt":"2012-12-22T06:09:54","slug":"hakkinda","status":"publish","type":"page","link":"https:\/\/lutfiozbilen.com\/index.php\/hakkinda\/","title":{"rendered":"Hakk\u0131nda"},"content":{"rendered":"<blockquote>\n<h2 style=\"text-align: center;\"><em>S\u0130Z ASLA VAZ GE\u00c7MEY\u0130N&#8230;!<\/em><\/h2>\n<\/blockquote>\n<p><img fetchpriority=\"high\" decoding=\"async\" class=\"aligncenter wp-image-284 size-full\" src=\"https:\/\/demo.lutfiozbilen.com\/eski\/wp-content\/uploads\/2020\/12\/background-with-a-person-running_1017-6272.jpg\" alt=\"\" width=\"626\" height=\"626\" \/><\/p>\n<blockquote>\n<p style=\"text-align: center;\"><em style=\"font-size: inherit; font-weight: inherit; letter-spacing: inherit; color: #818181;\">Bazen hep \u00f6n\u00fcm\u00fczde , hep yan\u0131m\u0131zda veya i\u00e7imizdedir. Ama k\u00fc\u00e7\u00fck de olsa bir I\u015eIK bekleriz. Olsun isteriz. Hatta o kadar yak\u0131nd\u0131r ki , dokunabiliriz. Ama bir t\u00fcrl\u00fc olmaz.<\/em><\/p>\n<\/blockquote>\n<p style=\"text-align: center;\"><em>Eninde sonunda o I\u015eIK yanar merak etmeyin, herkes i\u00e7in yanar.<\/em><\/p>\n<blockquote>\n<p style=\"text-align: center;\"><br \/><em><strong>S\u0130Z ASLA VAZ GE\u00c7MEY\u0130N&#8230;!<\/strong><\/em><\/p>\n<\/blockquote>\n<p>\u00a0<\/p>\n<blockquote>\n<h1 style=\"text-align: center;\"><span style=\"color: #999999;\"><em><strong>BEN\u0130M TAKIM\u00a0<\/strong><\/em><\/span><\/h1>\n<\/blockquote>\n<p style=\"text-align: center;\">\u00a0<\/p>\n<p><img decoding=\"async\" class=\"wp-image-290 aligncenter\" src=\"https:\/\/demo.lutfiozbilen.com\/eski\/wp-content\/uploads\/2020\/12\/2016-07-27-17.51.54-298x300.png\" alt=\"\" width=\"245\" height=\"247\" \/><\/p>\n<p>\u00a0<\/p>\n<p><span style=\"font-size: inherit; font-style: inherit; font-weight: inherit; letter-spacing: inherit;\"><img decoding=\"async\" class=\"wp-image-291 aligncenter\" style=\"font-size: inherit; font-style: inherit; font-weight: inherit; letter-spacing: inherit;\" src=\"https:\/\/demo.lutfiozbilen.com\/eski\/wp-content\/uploads\/2020\/12\/lutfi_-300x290.jpg\" alt=\"\" width=\"251\" height=\"243\" \/>\u00a0<\/span><span style=\"font-size: inherit; font-style: inherit; font-weight: inherit; letter-spacing: inherit;\">\u00a0 \u00a0<\/span><img loading=\"lazy\" decoding=\"async\" class=\"wp-image-292 aligncenter\" style=\"font-size: inherit; font-style: inherit; font-weight: inherit; letter-spacing: inherit;\" src=\"https:\/\/demo.lutfiozbilen.com\/eski\/wp-content\/uploads\/2020\/12\/lutfio-22-300x298.png\" alt=\"\" width=\"247\" height=\"245\" \/><br \/><img loading=\"lazy\" decoding=\"async\" class=\"wp-image-293 aligncenter\" src=\"https:\/\/demo.lutfiozbilen.com\/eski\/wp-content\/uploads\/2020\/12\/Lutfio-parasut-300x274.jpg\" alt=\"\" width=\"258\" height=\"236\" \/><\/p>\n<p>\u00a0<\/p>\n<p>\u00a0<\/p>\n<hr \/>\n<p>\u00a0<\/p>\n\n\n<p><\/p>\n","protected":false},"excerpt":{"rendered":"<p>S\u0130Z ASLA VAZ GE\u00c7MEY\u0130N&#8230;! Bazen hep \u00f6n\u00fcm\u00fczde , hep yan\u0131m\u0131zda veya i\u00e7imizdedir. Ama k\u00fc\u00e7\u00fck de olsa bir I\u015eIK bekleriz. Olsun isteriz. Hatta o kadar yak\u0131nd\u0131r ki<span class=\"excerpt-hellip\"> [\u2026]<\/span><\/p>\n","protected":false},"author":1,"featured_media":282,"parent":0,"menu_order":0,"comment_status":"closed","ping_status":"closed","template":"full_width.php","meta":{"footnotes":""},"class_list":["post-182","page","type-page","status-publish","has-post-thumbnail","hentry"],"_links":{"self":[{"href":"https:\/\/lutfiozbilen.com\/index.php\/wp-json\/wp\/v2\/pages\/182","targetHints":{"allow":["GET"]}}],"collection":[{"href":"https:\/\/lutfiozbilen.com\/index.php\/wp-json\/wp\/v2\/pages"}],"about":[{"href":"https:\/\/lutfiozbilen.com\/index.php\/wp-json\/wp\/v2\/types\/page"}],"author":[{"embeddable":true,"href":"https:\/\/lutfiozbilen.com\/index.php\/wp-json\/wp\/v2\/users\/1"}],"replies":[{"embeddable":true,"href":"https:\/\/lutfiozbilen.com\/index.php\/wp-json\/wp\/v2\/comments?post=182"}],"version-history":[{"count":0,"href":"https:\/\/lutfiozbilen.com\/index.php\/wp-json\/wp\/v2\/pages\/182\/revisions"}],"wp:featuredmedia":[{"embeddable":true,"href":"https:\/\/lutfiozbilen.com\/index.php\/wp-json\/"}],"wp:attachment":[{"href":"https:\/\/lutfiozbilen.com\/index.php\/wp-json\/wp\/v2\/media?parent=182"}],"curies":[{"name":"wp","href":"https:\/\/api.w.org\/{rel}","templated":true}]}}